{"id":1041,"date":"2015-10-12T09:01:11","date_gmt":"2015-10-12T08:01:11","guid":{"rendered":"http:\/\/cargo.omnicom-dev.com\/transport-company\/?page_id=1041"},"modified":"2023-06-26T21:28:44","modified_gmt":"2023-06-26T21:28:44","slug":"home-below-menu","status":"publish","type":"page","link":"https:\/\/www.deltrans.com.ec\/es\/","title":{"rendered":"Inicio"},"content":{"rendered":"<div class=\"bt_rc_container\"><section id=\"slider\"  class=\"boldSection btDarkSkin inherit\" ><div class=\"port\"><div class=\"boldCell\"><div class=\"boldCellInner\"><div class=\"boldRow\" ><div class=\"rowItem col-md-12 col-ms-12  btTextLeft inherit\"  ><div class=\"rowItemContent\"><div class=\"slided autoSliderHeight btSliderHidePaging\"  data-slick='{\"autoplay\":true,\"autoplaySpeed\":4000,\"pauseOnHover\":false,\"pauseOnDotsHover\":true}'><div class=\"slidedItem firstItem\"  data-thumb=\"https:\/\/www.deltrans.com.ec\/wp-content\/uploads\/2015\/10\/plane_contrasted_light-1-320x138.jpg\"><div class=\"btSliderPort wBackground cover\" style=\"background-image: url('https:\/\/www.deltrans.com.ec\/wp-content\/uploads\/2015\/10\/plane_contrasted_light-1.jpg')\"><div class=\"btSliderCell\" data-slick=\"yes\"><div class=\"btSlideGutter\"><div class=\"btSlidePane\"><div class=\"btClear btSeparator topSpaced noBorder\" ><hr><\/div><div class=\"btClear btSeparator topSemiSpaced noBorder\" ><hr><\/div><header class=\"header btClear large btDash bottomDash btNarrowHeader btAccentDash btRegularTitle\" ><div class=\"dash\"><h2><span class=\"headline\">Permitenos llevar el peso de tu negocio<\/span><\/h2><\/div><p class=\"btSubTitle\">Ofrecemos el mas completo soporte en comercio exterior<\/p><\/header><div class=\"btClear btSeparator topSmallSpaced noBorder\" ><hr><\/div><div class=\"btClear btSeparator topSpaced noBorder\" ><hr><\/div><div class=\"btBtn btBtn btnFilled btnIconLeftPosition btnAccentColor btnSmall btnNormal\" ><a href=\"https:\/\/www.deltrans.com.ec\/es\/company\/contact\/\">Contactanos<\/a><\/div><\/div><\/div><\/div><\/div><\/div><div class=\"slidedItem firstItem\"  data-thumb=\"https:\/\/www.deltrans.com.ec\/wp-content\/uploads\/2015\/10\/truck_flipped-1-320x138.jpg\"><div class=\"btSliderPort wBackground cover\" style=\"background-image: url('https:\/\/www.deltrans.com.ec\/wp-content\/uploads\/2015\/10\/truck_flipped-1.jpg')\"><div class=\"btSliderCell\" data-slick=\"yes\"><div class=\"btSlideGutter\"><div class=\"btSlidePane\"><div class=\"btClear btSeparator topSpaced noBorder\" ><hr><\/div><div class=\"btClear btSeparator topSemiSpaced noBorder\" ><hr><\/div><header class=\"header btClear extralarge btDash bottomDash btNarrowHeader btAccentDash btRegularTitle\" ><p class=\"btSuperTitle\">Con la ayuda de nuestro equipo<\/p><div class=\"dash\"><h1><span class=\"headline\">Enviamos tu carga a cualquier destino<\/span><\/h1><\/div><p class=\"btSubTitle\">Reportamos de forma continua nuevas rutas y tarifas<\/p><\/header><div class=\"btClear btSeparator topSmallSpaced noBorder\" ><hr><\/div><div class=\"btClear btSeparator topSpaced noBorder\" ><hr><\/div><\/div><\/div><\/div><\/div><\/div><div class=\"slidedItem firstItem\"  data-thumb=\"https:\/\/www.deltrans.com.ec\/wp-content\/uploads\/2015\/10\/ship_cargo-2-320x150.jpg\"><div class=\"btSliderPort wBackground cover\" style=\"background-image: url('https:\/\/www.deltrans.com.ec\/wp-content\/uploads\/2015\/10\/ship_cargo-2.jpg')\"><div class=\"btSliderCell\" data-slick=\"yes\"><div class=\"btSlideGutter\"><div class=\"btSlidePane\"><div class=\"btClear btSeparator topSpaced noBorder\" ><hr><\/div><div class=\"btClear btSeparator topSemiSpaced noBorder\" ><hr><\/div><header class=\"header btClear extralarge btDash bottomDash btNarrowHeader btAccentDash btRegularTitle\" ><p class=\"btSuperTitle\">Tus embarques<\/p><div class=\"dash\"><h1><span class=\"headline\">Alrededor del Mundo<\/span><\/h1><\/div><p class=\"btSubTitle\">Se parte de muchos clientes satisfechos que utilizan nuestros servicios al embarcar con nosotros<\/p><\/header><div class=\"btClear btSeparator topSmallSpaced noBorder\" ><hr><\/div><div class=\"btClear btSeparator topSpaced noBorder\" ><hr><\/div><\/div><\/div><\/div><\/div><\/div><\/div><\/div><\/div><\/div><\/div><\/div><\/div><\/section><section id=\"bt_section69d27ec2d791d\" data-parallax=\"0.1\" data-parallax-offset=\"0\" class=\"boldSection topSmallSpaced bottomSmallSpaced btDarkSkin gutter inherit btParallax wBackground cover\" style=\"background-color:#0b60a9;background-image:url('https:\/\/www.deltrans.com.ec\/wp-content\/uploads\/2015\/09\/Transparent-background-with-dots.png');\"><div class=\"port\"><div class=\"boldCell\"><div class=\"boldCellInner\"><div class=\"boldRow\" ><div class=\"rowItem col-md-3 col-sm-6 col-ms-12 btTextLeft animate animate-fadein btMiddleVertical\"  ><div class=\"rowItemContent\"><div class=\"btClear btSeparator topExtraSmallSpaced noBorder\" ><hr><\/div><div class=\"servicesItem  mediumIcon colorless borderlessIconType\"><div class=\"sIcon\"><div class=\"btIco medium colorless borderless\"><a href=\"#\"  data-ico-cs=\"&#xe60f;\" class=\"btIcoHolder\"><\/a><\/div><\/div><div class=\"sTxt\"><header class=\"header btClear extrasmall\" ><div class=\"dash\"><h4><span class=\"headline\">TELEFONOS<\/span><\/h4><\/div><\/header><p>(+593)4-517-1186\r<br>(+593)4-518-8217\r<br>(+593)4-517-3141\r<br>(+593)99-511-1557\r<br>(+593)95-872-5782\r<br>(+593)99-469-3201<br><\/p><\/div><\/div><div class=\"btClear btSeparator topExtraSmallSpaced noBorder\" ><hr><\/div><\/div><\/div><div class=\"rowItem btLeftBorder col-md-3 col-sm-6 col-ms-12 btTextLeft animate animate-fadein btMiddleVertical\"  ><div class=\"rowItemContent\"><div class=\"btClear btSeparator topExtraSmallSpaced noBorder\" ><hr><\/div><div class=\"servicesItem  mediumIcon colorless borderlessIconType\"><div class=\"sIcon\"><div class=\"btIco medium colorless borderless\"><a href=\"#\"  data-ico-cs=\"&#xe610;\" class=\"btIcoHolder\"><\/a><\/div><\/div><div class=\"sTxt\"><header class=\"header btClear extrasmall\" ><div class=\"dash\"><h4><span class=\"headline\">HORARIO DE ATENCION<\/span><\/h4><\/div><\/header><p>Lun-Vier 9AM-6PM<br><\/p><\/div><\/div><div class=\"btClear btSeparator topExtraSmallSpaced noBorder\" ><hr><\/div><\/div><\/div><div class=\"rowItem btLeftBorder col-md-3 col-sm-6 col-ms-12 btTextLeft animate animate-fadein btMiddleVertical\"  ><div class=\"rowItemContent\"><div class=\"btClear btSeparator topExtraSmallSpaced noBorder\" ><hr><\/div><div class=\"servicesItem  mediumIcon colorless borderlessIconType\"><div class=\"sIcon\"><div class=\"btIco medium colorless borderless\"><a href=\"#\"  data-ico-cs=\"&#xe663;\" class=\"btIcoHolder\"><\/a><\/div><\/div><div class=\"sTxt\"><header class=\"header btClear extrasmall\" ><div class=\"dash\"><h4><span class=\"headline\">DIRECCION<\/span><\/h4><\/div><\/header><p><b>Oficina Principal Ecuador<\/b>\r<br>Velez 1313 y Antepara\r<br>2do piso Ofc # 1\r<br>\r<br><b>Oficina en Estados Unidos<\/b>\r<br>DELTRANS TRADING LLC\r<br>7901 4TH ST N\r<br>STE 300\r<br>ST. PETERSBURG, FL 33702 USA<br><\/p><\/div><\/div><div class=\"btClear btSeparator topExtraSmallSpaced noBorder\" ><hr><\/div><\/div><\/div><div class=\"rowItem col-md-3 col-sm-6 col-ms-12 btTextLeft animate animate-fadein btHighlight btMiddleVertical\" style=\"z-index: 10;\" ><div class=\"rowItemContent\"><div class=\"btClear btSeparator topSmallSpaced noBorder\" ><hr><\/div><div class=\"servicesItem  mediumIcon colorless borderlessIconType\"><div class=\"sIcon\"><div class=\"btIco medium colorless borderless\"><a href=\"#\"  data-ico-cs=\"&#xe618;\" class=\"btIcoHolder\"><\/a><\/div><\/div><div class=\"sTxt\"><header class=\"header btClear extrasmall\" ><div class=\"dash\"><h4><span class=\"headline\">RASTREO<\/span><\/h4><\/div><\/header><p><\/p><\/div><\/div><div class=\"btBtn btBtn btnFilled btnIconLeftPosition btnAccentColor btnSmall btnFull\" style=\"text-align:center\" ><a href=\"https:\/\/www.deltrans.com.ec\/es\/services\/tracking\/\">Rastrear ENVIO<\/a><\/div><div class=\"btClear btSeparator topSmallSpaced noBorder\" ><hr><\/div><\/div><\/div><\/div><\/div><\/div><\/div><\/section><section id=\"bt_section69d27ec2d8265\" data-parallax=\"0.1\" data-parallax-offset=\"0\" class=\"boldSection topSpaced bottomSpaced gutter inherit btParallax wBackground cover\" style=\"background-image:url('https:\/\/www.deltrans.com.ec\/wp-content\/uploads\/2015\/09\/Transparent-background-with-dots.png');\"><div class=\"port\"><div class=\"boldCell\"><div class=\"boldCellInner\"><div class=\"boldRow\" ><div class=\"rowItem col-sm-4 col-ms-12 btTextRight animate animate-fadein inherit btDoublePadding\"  ><div class=\"rowItemContent\"><header class=\"header btClear small  btAccentDash btRegularTitle\" ><p class=\"btSuperTitle\">Nuestros Servicios<\/p><div class=\"dash\"><h4><span class=\"headline\">QUE PODEMOS HACER POR USTED<\/span><\/h4><\/div><\/header><\/div><\/div><div class=\"rowItem col-sm-4 col-ms-12 btTextLeft animate animate-fadein btHighlight inherit\"  ><div class=\"rowItemContent\"><div class=\"btClear btSeparator topSmallSpaced noBorder\" ><hr><\/div><div class=\"btClear btSeparator topSmallSpaced noBorder\" ><hr><\/div><div class=\"servicesItem  mediumIcon borderlessIconType\"><div class=\"sIcon\"><div class=\"btIco medium borderless\"><span  data-ico-fa=\"&#xf21a;\" class=\"btIcoHolder\"><\/span><\/div><\/div><div class=\"sTxt\"><header class=\"header btClear extrasmall\" ><div class=\"dash\"><h4><span class=\"headline\">CARGA MARITIMA<\/span><\/h4><\/div><\/header><p>Enviamos a cualquier lugar del mundo cargas FCL o LCL  informando continuamente nuevas rutas alternativas y tarifas.\r\n<br><\/p><\/div><\/div><div class=\"btClear btSeparator topSmallSpaced noBorder\" ><hr><\/div><div class=\"btClear btSeparator topSmallSpaced noBorder\" ><hr><\/div><\/div><\/div><div class=\"rowItem col-sm-4 col-ms-12 btTextLeft animate animate-fadein btHighlight inherit\"  ><div class=\"rowItemContent\"><div class=\"btClear btSeparator topSmallSpaced noBorder\" ><hr><\/div><div class=\"btClear btSeparator topSmallSpaced noBorder\" ><hr><\/div><div class=\"servicesItem  mediumIcon borderlessIconType\"><div class=\"sIcon\"><div class=\"btIco medium borderless\"><span  data-ico-fa=\"&#xf072;\" class=\"btIcoHolder\"><\/span><\/div><\/div><div class=\"sTxt\"><header class=\"header btClear extrasmall\" ><div class=\"dash\"><h4><span class=\"headline\">CARGA AEREA<\/span><\/h4><\/div><\/header><p>Confirmamos con los proveedores los productos que se enviar\u00e1n y manejamos los embarques con las l\u00edneas a\u00e9reas de acuerdo a sus instrucciones. <br><\/p><\/div><\/div><div class=\"btClear btSeparator topSmallSpaced noBorder\" ><hr><\/div><div class=\"btClear btSeparator topSmallSpaced noBorder\" ><hr><\/div><\/div><\/div><\/div><div class=\"boldRow\" ><div class=\"rowItem col-md-12 col-ms-12  btTextRight animate animate-fadein animate-moveright inherit\"  ><div class=\"rowItemContent\"><div class=\"btClear btSeparator topSmallSpaced noBorder\" ><hr><\/div><\/div><\/div><\/div><div class=\"boldRow\" ><div class=\"rowItem col-sm-4 col-ms-12 btTextLeft inherit btDoublePadding\"  ><div class=\"rowItemContent\"><div class=\"bpgPhoto btTextCenter visible-lg\"  style=\"position: absolute; transform: translateY(50px);\"><div class = \"btImage\"><img src=\"https:\/\/www.deltrans.com.ec\/wp-content\/uploads\/2015\/10\/truck_green.png\" alt=\"\"><\/div><\/div><\/div><\/div><div class=\"rowItem col-sm-4 col-ms-12 btTextLeft animate animate-fadein btHighlight inherit\"  ><div class=\"rowItemContent\"><div class=\"btClear btSeparator topSmallSpaced noBorder\" ><hr><\/div><div class=\"btClear btSeparator topSmallSpaced noBorder\" ><hr><\/div><div class=\"servicesItem  mediumIcon borderlessIconType\"><div class=\"sIcon\"><div class=\"btIco medium borderless\"><span  data-ico-fa=\"&#xf207;\" class=\"btIcoHolder\"><\/span><\/div><\/div><div class=\"sTxt\"><header class=\"header btClear extrasmall\" ><div class=\"dash\"><h4><span class=\"headline\">CARGA TERRESTRE<\/span><\/h4><\/div><\/header><p>Nuestro gran equipo se encargar\u00e1 de transportar sus productos de forma segura al destino indicado.<br><\/p><\/div><\/div><div class=\"btClear btSeparator topSmallSpaced noBorder\" ><hr><\/div><div class=\"btClear btSeparator topSmallSpaced noBorder\" ><hr><\/div><\/div><\/div><div class=\"rowItem col-sm-4 col-ms-12 btTextLeft animate animate-fadein btHighlight inherit\"  ><div class=\"rowItemContent\"><div class=\"btClear btSeparator topSmallSpaced noBorder\" ><hr><\/div><div class=\"btClear btSeparator topSmallSpaced noBorder\" ><hr><\/div><div class=\"servicesItem  mediumIcon borderlessIconType\"><div class=\"sIcon\"><div class=\"btIco medium borderless\"><span  data-ico-cs=\"&#xe60b;\" class=\"btIcoHolder\"><\/span><\/div><\/div><div class=\"sTxt\"><header class=\"header btClear extrasmall\" ><div class=\"dash\"><h4><span class=\"headline\">MUDANZAS INTERNACIONALES<\/span><\/h4><\/div><\/header><p>Nos especializamos en mudanzas desde y hacia Ecuador conociendo reglamentos internacionales sobre las mismas.<br><\/p><\/div><\/div><div class=\"btClear btSeparator topSmallSpaced noBorder\" ><hr><\/div><div class=\"btClear btSeparator topSmallSpaced noBorder\" ><hr><\/div><\/div><\/div><\/div><\/div><\/div><\/div><\/section><section id=\"bt_section69d27ec2d8cf5\" data-parallax=\"-0.1\" data-parallax-offset=\"0\" class=\"boldSection topSpaced bottomSpaced btLightSkin gutter inherit btParallax wBackground cover\" style=\"background-image:url('https:\/\/www.deltrans.com.ec\/wp-content\/uploads\/2015\/09\/Transparent-background-with-dots.png');\"><div class=\"port\"><div class=\"boldCell\"><div class=\"boldCellInner\"><div class=\"boldRow\" ><div class=\"rowItem col-md-12 col-ms-12  btTextRight animate animate-fadein inherit btDoublePadding\" style=\"text-align:center;\" ><div class=\"rowItemContent\"><header class=\"header btClear large  btAccentDash btRegularTitle\" style=\"text-align:center;\"><div class=\"dash\"><h2><span class=\"headline\">SOMOS MIEMBROS DE WCA<\/span><\/h2><\/div><\/header><header class=\"header btClear medium  btAccentDash btDarkAccentTitle\" ><div class=\"dash\"><h3><span class=\"headline\">NUESTRO ID DE MEMBRESIA 94226<\/span><\/h3><\/div><\/header><\/div><\/div><\/div><div class=\"boldRow\" ><div class=\"rowItem col-md-12 col-ms-12  btTextCenter animate animate-fadein inherit\"  ><div class=\"rowItemContent\"><div class=\"btClear btSeparator topSemiSpaced noBorder\" ><hr><\/div><div class=\"bpgPhoto btTextCenter\" ><div class = \"btImage\"><img src=\"https:\/\/www.deltrans.com.ec\/wp-content\/uploads\/2015\/10\/wca_logo.png\" alt=\"\"><\/div><\/div><\/div><\/div><\/div><\/div><\/div><\/div><\/section><\/div>","protected":false},"excerpt":{"rendered":"","protected":false},"author":1,"featured_media":0,"parent":2,"menu_order":0,"comment_status":"closed","ping_status":"closed","template":"","meta":[],"_links":{"self":[{"href":"https:\/\/www.deltrans.com.ec\/es\/wp-json\/wp\/v2\/pages\/1041"}],"collection":[{"href":"https:\/\/www.deltrans.com.ec\/es\/wp-json\/wp\/v2\/pages"}],"about":[{"href":"https:\/\/www.deltrans.com.ec\/es\/wp-json\/wp\/v2\/types\/page"}],"author":[{"embeddable":true,"href":"https:\/\/www.deltrans.com.ec\/es\/wp-json\/wp\/v2\/users\/1"}],"replies":[{"embeddable":true,"href":"https:\/\/www.deltrans.com.ec\/es\/wp-json\/wp\/v2\/comments?post=1041"}],"version-history":[{"count":63,"href":"https:\/\/www.deltrans.com.ec\/es\/wp-json\/wp\/v2\/pages\/1041\/revisions"}],"predecessor-version":[{"id":2611,"href":"https:\/\/www.deltrans.com.ec\/es\/wp-json\/wp\/v2\/pages\/1041\/revisions\/2611"}],"up":[{"embeddable":true,"href":"https:\/\/www.deltrans.com.ec\/es\/wp-json\/wp\/v2\/pages\/2"}],"wp:attachment":[{"href":"https:\/\/www.deltrans.com.ec\/es\/wp-json\/wp\/v2\/media?parent=1041"}],"curies":[{"name":"wp","href":"https:\/\/api.w.org\/{rel}","templated":true}]}}