{"id":1061,"date":"2015-10-12T11:37:49","date_gmt":"2015-10-12T10:37:49","guid":{"rendered":"http:\/\/cargo.omnicom-dev.com\/transport-company\/?page_id=1061"},"modified":"2018-12-06T20:35:15","modified_gmt":"2018-12-06T20:35:15","slug":"ocean-cargo","status":"publish","type":"page","link":"https:\/\/www.deltrans.com.ec\/es\/services\/ocean-cargo\/","title":{"rendered":"Carga Maritima"},"content":{"rendered":"<div class=\"bt_rc_container\"><section id=\"bt_section69d2836226504\" data-parallax=\"0.1\" data-parallax-offset=\"0\" class=\"boldSection topExtraSpaced bottomMoreSpaced btDarkSkin gutter btMiddleVertical btParallax wBackground cover\" style=\"background-image:url('https:\/\/www.deltrans.com.ec\/wp-content\/uploads\/2015\/10\/ship_cargo-2.jpg');\"><div class=\"port\"><div class=\"boldCell\"><div class=\"boldCellInner\"><div class=\"boldRow\" ><div class=\"rowItem col-md-12 col-ms-12  btTextLeft animate animate-fadein animate-moveleft inherit\"  ><div class=\"rowItemContent\"><header class=\"header btClear extralarge btDash bottomDash  btAccentDash btRegularTitle\" style=\"max-width: 800px;\"><p class=\"btSuperTitle\">Tus embarques<\/p><div class=\"dash\"><h1><span class=\"headline\">Alrededor del Mundo<\/span><\/h1><\/div><p class=\"btSubTitle\">Se parte de muchos clientes satisfechos que utilizan nuestros servicios al embarcar con nosotros<\/p><\/header><div class=\"btClear btSeparator bottomSemiSpaced noBorder\" ><hr><\/div><div class=\"btBtn btBtn btnFilled btnIconLeftPosition btnAccentColor btnSmall btnNormal btnIco\" ><div class=\"btIco borderless extrasmall\"><a href=\"https:\/\/www.deltrans.com.ec\/es\/company\/contact\/\"  data-ico-fa=\"&#xf0e5;\" class=\"btIcoHolder\"><span>CONTACTANOS<\/span><\/a><\/div><\/div><\/div><\/div><\/div><\/div><\/div><\/div><\/section><section id=\"bt_section69d2836226cb4\"  class=\"boldSection topSpaced bottomSpaced gutter inherit\" ><div class=\"port\"><div class=\"boldCell\"><div class=\"boldCellInner\"><div class=\"boldRow\" ><div class=\"rowItem col-md-12 col-ms-12  btTextLeft inherit\"  ><div class=\"rowItemContent\"><div class=\"btClear btSeparator topExtraSmallSpaced noBorder\" ><hr><\/div><div class=\"btText\"><ul>\n<li>Manejo de LCL y FCL<\/li>\n<li>Manejo de carga en transito<\/li>\n<li>Almacenamiento<\/li>\n<li>Importacion y Exportacion<\/li>\n<li>Consolidaci\u00f3n y -Apertura<\/li>\n<li>Recolecci\u00f3n de carga<\/li>\n<li>Carga Terrestre<\/li>\n<li>Carga general y peligrosa<\/li>\n<li>P\u00f3lizas de Seguros<\/li>\n<li>Mudanzas Internacionales<\/li>\n<li>Inspecciones del producto en origen<\/li>\n<li>Representaciones<\/li>\n<\/ul>\n<p><span class=\"parrafo\"><strong>Oficinas de coordinaci\u00f3n:<\/strong>\u00a0Manejamos las reservas y los env\u00edos de acuerdo a sus instrucciones. Adem\u00e1s, estamos continuamente informando nuevas rutas y tarifas. Somos un empresa de carga muy conocida en el medio y tenemos contratos de embarque con algunas navieras.<\/span><\/p>\n<p>Adem\u00e1s, emitimos los documentos requeridos por el pa\u00eds de destino y enviamos la documentaci\u00f3n requerida para el despacho de aduanas.<\/p>\n<p>Finalmente, enviamos un fax o una alerta previa por correo electr\u00f3nico, informando la notificaci\u00f3n de arribo.<\/p>\n<\/div><div class=\"btClear btSeparator topExtraSmallSpaced noBorder\" ><hr><\/div><\/div><\/div><\/div><\/div><\/div><\/div><\/section><\/div>","protected":false},"excerpt":{"rendered":"","protected":false},"author":1,"featured_media":0,"parent":56,"menu_order":0,"comment_status":"closed","ping_status":"closed","template":"","meta":[],"_links":{"self":[{"href":"https:\/\/www.deltrans.com.ec\/es\/wp-json\/wp\/v2\/pages\/1061"}],"collection":[{"href":"https:\/\/www.deltrans.com.ec\/es\/wp-json\/wp\/v2\/pages"}],"about":[{"href":"https:\/\/www.deltrans.com.ec\/es\/wp-json\/wp\/v2\/types\/page"}],"author":[{"embeddable":true,"href":"https:\/\/www.deltrans.com.ec\/es\/wp-json\/wp\/v2\/users\/1"}],"replies":[{"embeddable":true,"href":"https:\/\/www.deltrans.com.ec\/es\/wp-json\/wp\/v2\/comments?post=1061"}],"version-history":[{"count":16,"href":"https:\/\/www.deltrans.com.ec\/es\/wp-json\/wp\/v2\/pages\/1061\/revisions"}],"predecessor-version":[{"id":2437,"href":"https:\/\/www.deltrans.com.ec\/es\/wp-json\/wp\/v2\/pages\/1061\/revisions\/2437"}],"up":[{"embeddable":true,"href":"https:\/\/www.deltrans.com.ec\/es\/wp-json\/wp\/v2\/pages\/56"}],"wp:attachment":[{"href":"https:\/\/www.deltrans.com.ec\/es\/wp-json\/wp\/v2\/media?parent=1061"}],"curies":[{"name":"wp","href":"https:\/\/api.w.org\/{rel}","templated":true}]}}