{"id":2164,"date":"2018-11-27T04:12:29","date_gmt":"2018-11-27T04:12:29","guid":{"rendered":"http:\/\/localhost:8888\/deltrans\/?page_id=2164"},"modified":"2018-12-06T20:31:55","modified_gmt":"2018-12-06T20:31:55","slug":"relocation-plan","status":"publish","type":"page","link":"https:\/\/www.deltrans.com.ec\/es\/services\/relocation-plan\/","title":{"rendered":"Relocation Plan"},"content":{"rendered":"<div class=\"bt_rc_container\"><section id=\"bt_section69d2831b3de6f\" data-parallax=\"0.1\" data-parallax-offset=\"0\" class=\"boldSection topExtraSpaced bottomSpaced btDarkSkin gutter btMiddleVertical btParallax wBackground cover\" style=\"background-image:url('https:\/\/www.deltrans.com.ec\/wp-content\/uploads\/2018\/11\/return-plan-1.jpg');\"><div class=\"port\"><div class=\"boldCell\"><div class=\"boldCellInner\"><div class=\"boldRow\" ><div class=\"rowItem col-md-12 col-ms-12  btTextLeft animate animate-fadein animate-moveleft inherit\"  ><div class=\"rowItemContent\"><header class=\"header btClear extralarge btDash bottomDash  btAccentDash btRegularTitle\" style=\"max-width: 800px;\"><div class=\"dash\"><h1><span class=\"headline\">Mudanzas Internacionales<\/span><\/h1><\/div><p class=\"btSubTitle\">Somos una empresa de mudanzas reconocida que colabora con un gran equipo de socios en todo el mundo. Por favor, h\u00e1ganos saber su caso para poder asesorarlo adecuadamente.<\/p><\/header><div class=\"btClear btSeparator bottomSemiSpaced noBorder\" ><hr><\/div><div class=\"btBtn btBtn btnFilled btnIconLeftPosition btnAccentColor btnSmall btnNormal btnIco\" ><div class=\"btIco borderless extrasmall\"><a href=\"https:\/\/www.deltrans.com.ec\/es\/company\/contact\/\"  data-ico-fa=\"&#xf0e5;\" class=\"btIcoHolder\"><span>CONTACTANOS<\/span><\/a><\/div><\/div><\/div><\/div><\/div><\/div><\/div><\/div><\/section><section id=\"bt_section69d2831b3e596\"  class=\"boldSection topSpaced bottomSpaced gutter inherit\" ><div class=\"port\"><div class=\"boldCell\"><div class=\"boldCellInner\"><div class=\"boldRow\" ><div class=\"rowItem col-md-12 col-ms-12  btTextLeft\"  ><div class=\"rowItemContent\"><div class=\"btText\"><h4>\u00bfQui\u00e9n califica?<\/h4>\n<p>Para cualquier persona ecuatoriana que haya vivido al menos 2 a\u00f1os en el extranjero.<\/p>\n<p>Para los extranjeros se necesitar\u00eda una visa temporal o permanente.<\/p>\n<p>Los menajes de caja est\u00e1n liberados del pago de impuestos (siempre que se cumplan las regulaciones existentes).<\/p>\n<h4>Movimiento Migratorio<\/h4>\n<p>Cualquier persona que venga a vivir a Ecuador debe demostrar que ha vivido en el extranjero a trav\u00e9s del presente documento.<\/p>\n<h4>\u00bfQu\u00e9 puedo llevar conmigo?<\/h4>\n<p>Cada miembro de la familia puede llevar hasta 200 kg de ropa, calzado y accesorios permitidos. Tambi\u00e9n podr\u00e1n embarcarse muebles, electrodom\u00e9sticos, aparatos electr\u00f3nicos y art\u00edculos para el hogar.<\/p>\n<h4>Equipo de Trabajo<\/h4>\n<p>Puede embarcar lo que se considere equipo de trabajo hasta un m\u00e1ximo de 30,000.00 USD. Si su equipo de trabajo sobrepasa ese valor, deber\u00e1 demostrar un plan de inversi\u00f3n en el Ecuador.<\/p>\n<\/div><\/div><\/div><\/div><\/div><\/div><\/div><\/section><\/div>","protected":false},"excerpt":{"rendered":"","protected":false},"author":1,"featured_media":0,"parent":56,"menu_order":0,"comment_status":"closed","ping_status":"closed","template":"","meta":[],"_links":{"self":[{"href":"https:\/\/www.deltrans.com.ec\/es\/wp-json\/wp\/v2\/pages\/2164"}],"collection":[{"href":"https:\/\/www.deltrans.com.ec\/es\/wp-json\/wp\/v2\/pages"}],"about":[{"href":"https:\/\/www.deltrans.com.ec\/es\/wp-json\/wp\/v2\/types\/page"}],"author":[{"embeddable":true,"href":"https:\/\/www.deltrans.com.ec\/es\/wp-json\/wp\/v2\/users\/1"}],"replies":[{"embeddable":true,"href":"https:\/\/www.deltrans.com.ec\/es\/wp-json\/wp\/v2\/comments?post=2164"}],"version-history":[{"count":27,"href":"https:\/\/www.deltrans.com.ec\/es\/wp-json\/wp\/v2\/pages\/2164\/revisions"}],"predecessor-version":[{"id":2435,"href":"https:\/\/www.deltrans.com.ec\/es\/wp-json\/wp\/v2\/pages\/2164\/revisions\/2435"}],"up":[{"embeddable":true,"href":"https:\/\/www.deltrans.com.ec\/es\/wp-json\/wp\/v2\/pages\/56"}],"wp:attachment":[{"href":"https:\/\/www.deltrans.com.ec\/es\/wp-json\/wp\/v2\/media?parent=2164"}],"curies":[{"name":"wp","href":"https:\/\/api.w.org\/{rel}","templated":true}]}}