{"id":2347,"date":"2018-12-03T20:59:05","date_gmt":"2018-12-03T20:59:05","guid":{"rendered":"http:\/\/www.proformeame.com\/?page_id=2347"},"modified":"2018-12-06T02:39:41","modified_gmt":"2018-12-06T02:39:41","slug":"ddp-services","status":"publish","type":"page","link":"https:\/\/www.deltrans.com.ec\/es\/services\/ddp-services\/","title":{"rendered":"Servicios DDP"},"content":{"rendered":"<div class=\"bt_rc_container\"><section id=\"bt_section69d2834a97dec\" data-parallax=\"0.1\" data-parallax-offset=\"0\" class=\"boldSection topExtraSpaced bottomSemiSpaced btDarkSkin gutter btMiddleVertical btParallax wBackground cover\" style=\"background-image:url('https:\/\/www.deltrans.com.ec\/wp-content\/uploads\/2018\/11\/return-plan-1.jpg');\"><div class=\"port\"><div class=\"boldCell\"><div class=\"boldCellInner\"><div class=\"boldRow\" ><div class=\"rowItem col-md-12 col-ms-12  btTextLeft animate animate-fadein animate-moveleft inherit\"  ><div class=\"rowItemContent\"><header class=\"header btClear extralarge btDash bottomDash  btAccentDash btRegularTitle\" style=\"max-width: 800px;\"><div class=\"dash\"><h1><span class=\"headline\">Servicios DDP<\/span><\/h1><\/div><p class=\"btSubTitle\">100% envios satisfactorios<\/p><\/header><div class=\"btClear btSeparator bottomSemiSpaced noBorder\" ><hr><\/div><div class=\"btBtn btBtn btnFilled btnIconLeftPosition btnAccentColor btnSmall btnNormal btnIco\" ><div class=\"btIco borderless extrasmall\"><a href=\"https:\/\/www.deltrans.com.ec\/es\/company\/contact\/\"  data-ico-fa=\"&#xf0e5;\" class=\"btIcoHolder\"><span>CONTACTANOS<\/span><\/a><\/div><\/div><\/div><\/div><\/div><\/div><\/div><\/div><\/section><section id=\"bt_section69d2834a984ea\"  class=\"boldSection topSpaced bottomSpaced gutter inherit\" ><div class=\"port\"><div class=\"boldCell\"><div class=\"boldCellInner\"><div class=\"boldRow\" ><div class=\"rowItem col-md-12 col-ms-12  btTextLeft\"  ><div class=\"rowItemContent\"><div class=\"btText\"><p><b style=\"font-size: 17px;\">Sabemos lo que hacemos y tenemos la experiencia para manejar los env\u00edos con \u00e9xito. Por favor, h\u00e1ganos saber lo que podemos hacer por usted.<\/b><\/p>\n<\/div><\/div><\/div><\/div><\/div><\/div><\/div><\/section><\/div>","protected":false},"excerpt":{"rendered":"","protected":false},"author":1,"featured_media":0,"parent":56,"menu_order":0,"comment_status":"closed","ping_status":"closed","template":"","meta":[],"_links":{"self":[{"href":"https:\/\/www.deltrans.com.ec\/es\/wp-json\/wp\/v2\/pages\/2347"}],"collection":[{"href":"https:\/\/www.deltrans.com.ec\/es\/wp-json\/wp\/v2\/pages"}],"about":[{"href":"https:\/\/www.deltrans.com.ec\/es\/wp-json\/wp\/v2\/types\/page"}],"author":[{"embeddable":true,"href":"https:\/\/www.deltrans.com.ec\/es\/wp-json\/wp\/v2\/users\/1"}],"replies":[{"embeddable":true,"href":"https:\/\/www.deltrans.com.ec\/es\/wp-json\/wp\/v2\/comments?post=2347"}],"version-history":[{"count":12,"href":"https:\/\/www.deltrans.com.ec\/es\/wp-json\/wp\/v2\/pages\/2347\/revisions"}],"predecessor-version":[{"id":2403,"href":"https:\/\/www.deltrans.com.ec\/es\/wp-json\/wp\/v2\/pages\/2347\/revisions\/2403"}],"up":[{"embeddable":true,"href":"https:\/\/www.deltrans.com.ec\/es\/wp-json\/wp\/v2\/pages\/56"}],"wp:attachment":[{"href":"https:\/\/www.deltrans.com.ec\/es\/wp-json\/wp\/v2\/media?parent=2347"}],"curies":[{"name":"wp","href":"https:\/\/api.w.org\/{rel}","templated":true}]}}