{"id":58,"date":"2015-09-18T11:44:58","date_gmt":"2015-09-18T10:44:58","guid":{"rendered":"http:\/\/cargo.omnicom-dev.com\/transport-company\/?page_id=58"},"modified":"2022-05-26T21:55:26","modified_gmt":"2022-05-26T21:55:26","slug":"company","status":"publish","type":"page","link":"https:\/\/www.deltrans.com.ec\/es\/company\/","title":{"rendered":"Company"},"content":{"rendered":"<div class=\"bt_rc_container\"><section id=\"bt_section69d282fdb8e2f\" data-parallax=\"0.1\" data-parallax-offset=\"0\" class=\"boldSection topExtraSpaced bottomMoreSpaced btDarkSkin gutter btMiddleVertical btParallax wBackground cover\" style=\"background-image:url('https:\/\/www.deltrans.com.ec\/wp-content\/uploads\/2015\/09\/img_aboutus.jpg');\"><div class=\"port\"><div class=\"boldCell\"><div class=\"boldCellInner\"><div class=\"boldRow\" ><div class=\"rowItem col-md-12 col-ms-12  btTextLeft animate animate-fadein animate-moveleft inherit\"  ><div class=\"rowItemContent\"><div class=\"btClear btSeparator bottomSemiSpaced noBorder\" ><hr><\/div><div class=\"btClear btSeparator bottomSemiSpaced noBorder\" ><hr><\/div><div class=\"btClear btSeparator bottomSemiSpaced noBorder\" ><hr><\/div><div class=\"btClear btSeparator bottomSemiSpaced noBorder\" ><hr><\/div><div class=\"btClear btSeparator bottomSemiSpaced noBorder\" ><hr><\/div><\/div><\/div><\/div><\/div><\/div><\/div><\/section><section id=\"bt_section69d282fdb916c\" data-parallax=\"0\" data-parallax-offset=\"0\" class=\"boldSection topSpaced bottomSpaced gutter inherit btParallax wBackground cover\" style=\"background-image:url('https:\/\/www.deltrans.com.ec\/wp-content\/uploads\/2015\/09\/Transparent-background-with-dots.png');\"><div class=\"port\"><div class=\"boldCell\"><div class=\"boldCellInner\"><div class=\"boldRow\" ><div class=\"rowItem col-sm-4 col-ms-12 btTextRight animate animate-fadein animate-moveright inherit btDoublePadding\"  ><div class=\"rowItemContent\"><div class=\"btClear btSeparator topSemiSpaced noBorder\" ><hr><\/div><header class=\"header btClear medium  btAccentDash btRegularTitle\" ><div class=\"dash\"><h3><span class=\"headline\">VALORES DE NUESTRA EMPRESA<\/span><\/h3><\/div><\/header><\/div><\/div><div class=\"rowItem col-sm-4 col-ms-12 btTextLeft animate animate-fadein btHighlight inherit btDoublePadding\"  ><div class=\"rowItemContent\"><div class=\"btClear btSeparator topSemiSpaced noBorder\" ><hr><\/div><div class=\"servicesItem  mediumIcon borderlessIconType\"><div class=\"sIcon\"><div class=\"btIco medium borderless\"><span  data-ico-cs=\"&#xe648;\" class=\"btIcoHolder\"><\/span><\/div><\/div><div class=\"sTxt\"><header class=\"header btClear extrasmall\" ><div class=\"dash\"><h4><span class=\"headline\">MISION<\/span><\/h4><\/div><\/header><p>Satisfacer las necesidades log\u00edsticas y operativas de las empresas ecuatorianas y extranjeras, asegurando que sus operaciones de comercio exterior se vuelvan m\u00e1s \u00e1giles y eficientes para minimizar los costos.<br><\/p><\/div><\/div><div class=\"btClear btSeparator topSemiSpaced noBorder\" ><hr><\/div><\/div><\/div><div class=\"rowItem col-sm-4 col-ms-12 btTextLeft animate animate-fadein btHighlight inherit btDoublePadding\"  ><div class=\"rowItemContent\"><div class=\"btClear btSeparator topSemiSpaced noBorder\" ><hr><\/div><div class=\"servicesItem  mediumIcon borderlessIconType\"><div class=\"sIcon\"><div class=\"btIco medium borderless\"><span  data-ico-cs=\"&#xe643;\" class=\"btIcoHolder\"><\/span><\/div><\/div><div class=\"sTxt\"><header class=\"header btClear extrasmall\" ><div class=\"dash\"><h4><span class=\"headline\">VISION<\/span><\/h4><\/div><\/header><p>Posicionarnos como una empresa l\u00edder de comercio exterior en el mercado ecuatoriano y lograr exportar nuestros servicios a nivel internacional de manera profesional y eficiente, tambi\u00e9n a la vanguardia de la tecnolog\u00eda en beneficio de nuestros clientes.<br><\/p><\/div><\/div><div class=\"btClear btSeparator topSemiSpaced noBorder\" ><hr><\/div><\/div><\/div><\/div><div class=\"boldRow\" ><div class=\"rowItem col-md-12 col-ms-12  btTextRight animate animate-fadein animate-moveright inherit\"  ><div class=\"rowItemContent\"><div class=\"btClear btSeparator topSmallSpaced noBorder\" ><hr><\/div><\/div><\/div><\/div><\/div><\/div><\/div><\/section><section id=\"bt_section69d282fdb96cb\" data-parallax=\"0.1\" data-parallax-offset=\"0\" class=\"boldSection topSpaced bottomSpaced btDarkSkin gutter inherit btParallax wBackground cover\" style=\"background-image:url('https:\/\/www.deltrans.com.ec\/wp-content\/uploads\/2015\/09\/Blue-background-with-trucks.jpg');\"><div class=\"port\"><div class=\"boldCell\"><div class=\"boldCellInner\"><div class=\"boldRow\" ><div class=\"rowItem col-sm-4 col-ms-12 btTextRight animate animate-fadein animate-moveright btTopVertical btDoublePadding\"  ><div class=\"rowItemContent\"><header class=\"header btClear medium  btAccentDash btRegularTitle\" ><p class=\"btSuperTitle\">ESTADISTICAS<\/p><div class=\"dash\"><h3><span class=\"headline\">DATOS DE NUESTRA EMPRESA<\/span><\/h3><\/div><\/header><\/div><\/div><div class=\"rowItem col-sm-4 col-ms-12 btTextCenter animate animate-fadein inherit\"  ><div class=\"rowItemContent\"><div class=\"btCounterHolder\"><span class=\"btCounter animate\" data-digit-length=\"6\"><span class=\"onedigit p6 d1\" data-digit=\"1\"><span class=\"n0\">0<\/span><span class=\"n1\">1<\/span><\/span><span class=\"onedigit p5 d0\" data-digit=\"0\"><span class=\"n0\">0<\/span><span class=\"n1\">1<\/span><span class=\"n2\">2<\/span><span class=\"n3\">3<\/span><span class=\"n4\">4<\/span><span class=\"n5\">5<\/span><span class=\"n6\">6<\/span><span class=\"n7\">7<\/span><span class=\"n8\">8<\/span><span class=\"n9\">9<\/span><span class=\"n0\">0<\/span><\/span><span class=\"onedigit p4 d9\" data-digit=\"9\"><span class=\"n0\">0<\/span><span class=\"n1\">1<\/span><span class=\"n2\">2<\/span><span class=\"n3\">3<\/span><span class=\"n4\">4<\/span><span class=\"n5\">5<\/span><span class=\"n6\">6<\/span><span class=\"n7\">7<\/span><span class=\"n8\">8<\/span><span class=\"n9\">9<\/span><\/span><span class=\"onedigit p3 d7\" data-digit=\"7\"><span class=\"n0\">0<\/span><span class=\"n1\">1<\/span><span class=\"n2\">2<\/span><span class=\"n3\">3<\/span><span class=\"n4\">4<\/span><span class=\"n5\">5<\/span><span class=\"n6\">6<\/span><span class=\"n7\">7<\/span><\/span><span class=\"onedigit p2 d9\" data-digit=\"9\"><span class=\"n0\">0<\/span><span class=\"n1\">1<\/span><span class=\"n2\">2<\/span><span class=\"n3\">3<\/span><span class=\"n4\">4<\/span><span class=\"n5\">5<\/span><span class=\"n6\">6<\/span><span class=\"n7\">7<\/span><span class=\"n8\">8<\/span><span class=\"n9\">9<\/span><\/span><span class=\"onedigit p1 d0\" data-digit=\"0\"><span class=\"n0\">0<\/span><span class=\"n1\">1<\/span><span class=\"n2\">2<\/span><span class=\"n3\">3<\/span><span class=\"n4\">4<\/span><span class=\"n5\">5<\/span><span class=\"n6\">6<\/span><span class=\"n7\">7<\/span><span class=\"n8\">8<\/span><span class=\"n9\">9<\/span><span class=\"n0\">0<\/span><\/span><\/span><\/div><div class=\"btClear btSeparator bottomExtraSmallSpaced noBorder\" ><hr><\/div><header class=\"header btClear small  btAccentDash btRegularTitle\" ><p class=\"btSuperTitle\">IMPORTACIONES Y EXPORTACIONES<\/p><\/header><\/div><\/div><div class=\"rowItem col-sm-4 col-ms-12 btTextCenter animate animate-fadein inherit btDoublePadding\"  ><div class=\"rowItemContent\"><div class=\"btCounterHolder\"><span class=\"btCounter animate\" data-digit-length=\"7\"><span class=\"onedigit p7 d4\" data-digit=\"4\"><span class=\"n0\">0<\/span><span class=\"n1\">1<\/span><span class=\"n2\">2<\/span><span class=\"n3\">3<\/span><span class=\"n4\">4<\/span><\/span><span class=\"onedigit p6 d7\" data-digit=\"7\"><span class=\"n0\">0<\/span><span class=\"n1\">1<\/span><span class=\"n2\">2<\/span><span class=\"n3\">3<\/span><span class=\"n4\">4<\/span><span class=\"n5\">5<\/span><span class=\"n6\">6<\/span><span class=\"n7\">7<\/span><\/span><span class=\"onedigit p5 d3\" data-digit=\"3\"><span class=\"n0\">0<\/span><span class=\"n1\">1<\/span><span class=\"n2\">2<\/span><span class=\"n3\">3<\/span><\/span><span class=\"onedigit p4 d,\" data-digit=\",\"><span>,<\/span><\/span><span class=\"onedigit p3 d7\" data-digit=\"7\"><span class=\"n0\">0<\/span><span class=\"n1\">1<\/span><span class=\"n2\">2<\/span><span class=\"n3\">3<\/span><span class=\"n4\">4<\/span><span class=\"n5\">5<\/span><span class=\"n6\">6<\/span><span class=\"n7\">7<\/span><\/span><span class=\"onedigit p2 d3\" data-digit=\"3\"><span class=\"n0\">0<\/span><span class=\"n1\">1<\/span><span class=\"n2\">2<\/span><span class=\"n3\">3<\/span><\/span><span class=\"onedigit p1 d9\" data-digit=\"9\"><span class=\"n0\">0<\/span><span class=\"n1\">1<\/span><span class=\"n2\">2<\/span><span class=\"n3\">3<\/span><span class=\"n4\">4<\/span><span class=\"n5\">5<\/span><span class=\"n6\">6<\/span><span class=\"n7\">7<\/span><span class=\"n8\">8<\/span><span class=\"n9\">9<\/span><\/span><\/span><\/div><div class=\"btClear btSeparator bottomExtraSmallSpaced noBorder\" ><hr><\/div><header class=\"header btClear small  btAccentDash btRegularTitle\" ><p class=\"btSuperTitle\">KM POR A\u00d1O<\/p><\/header><\/div><\/div><\/div><div class=\"boldRow\" ><div class=\"rowItem col-md-12 col-ms-12  btTextRight animate animate-fadein animate-moveright inherit\"  ><div class=\"rowItemContent\"><div class=\"btClear btSeparator topSemiSpaced noBorder\" ><hr><\/div><\/div><\/div><\/div><div class=\"boldRow\" ><div class=\"rowItem col-sm-4 col-ms-12 btTextLeft\"  ><div class=\"rowItemContent\"><div class=\"bpgPhoto btTextCenter\"  style=\"position: absolute; transform: translateY(0px);\"><div class = \"btImage\"><img src=\"https:\/\/www.deltrans.com.ec\/wp-content\/uploads\/2015\/10\/truck_green.png\" alt=\"\"><\/div><\/div><\/div><\/div><div class=\"rowItem col-sm-4 col-ms-12 btTextCenter animate animate-fadein inherit\"  ><div class=\"rowItemContent\"><div class=\"btCounterHolder\"><span class=\"btCounter animate\" data-digit-length=\"5\"><span class=\"onedigit p5 d3\" data-digit=\"3\"><span class=\"n0\">0<\/span><span class=\"n1\">1<\/span><span class=\"n2\">2<\/span><span class=\"n3\">3<\/span><\/span><span class=\"onedigit p4 d,\" data-digit=\",\"><span>,<\/span><\/span><span class=\"onedigit p3 d2\" data-digit=\"2\"><span class=\"n0\">0<\/span><span class=\"n1\">1<\/span><span class=\"n2\">2<\/span><\/span><span class=\"onedigit p2 d7\" data-digit=\"7\"><span class=\"n0\">0<\/span><span class=\"n1\">1<\/span><span class=\"n2\">2<\/span><span class=\"n3\">3<\/span><span class=\"n4\">4<\/span><span class=\"n5\">5<\/span><span class=\"n6\">6<\/span><span class=\"n7\">7<\/span><\/span><span class=\"onedigit p1 d9\" data-digit=\"9\"><span class=\"n0\">0<\/span><span class=\"n1\">1<\/span><span class=\"n2\">2<\/span><span class=\"n3\">3<\/span><span class=\"n4\">4<\/span><span class=\"n5\">5<\/span><span class=\"n6\">6<\/span><span class=\"n7\">7<\/span><span class=\"n8\">8<\/span><span class=\"n9\">9<\/span><\/span><\/span><\/div><div class=\"btClear btSeparator bottomExtraSmallSpaced noBorder\" ><hr><\/div><header class=\"header btClear small  btAccentDash btRegularTitle\" ><p class=\"btSuperTitle\">TONELADAS DE CARGA<\/p><\/header><\/div><\/div><div class=\"rowItem col-sm-4 col-ms-12 btTextCenter animate animate-fadein inherit\"  ><div class=\"rowItemContent\"><div class=\"btCounterHolder\"><span class=\"btCounter animate\" data-digit-length=\"5\"><span class=\"onedigit p5 d1\" data-digit=\"1\"><span class=\"n0\">0<\/span><span class=\"n1\">1<\/span><\/span><span class=\"onedigit p4 d,\" data-digit=\",\"><span>,<\/span><\/span><span class=\"onedigit p3 d9\" data-digit=\"9\"><span class=\"n0\">0<\/span><span class=\"n1\">1<\/span><span class=\"n2\">2<\/span><span class=\"n3\">3<\/span><span class=\"n4\">4<\/span><span class=\"n5\">5<\/span><span class=\"n6\">6<\/span><span class=\"n7\">7<\/span><span class=\"n8\">8<\/span><span class=\"n9\">9<\/span><\/span><span class=\"onedigit p2 d1\" data-digit=\"1\"><span class=\"n0\">0<\/span><span class=\"n1\">1<\/span><\/span><span class=\"onedigit p1 d1\" data-digit=\"1\"><span class=\"n0\">0<\/span><span class=\"n1\">1<\/span><\/span><\/span><\/div><div class=\"btClear btSeparator bottomExtraSmallSpaced noBorder\" ><hr><\/div><header class=\"header btClear small  btAccentDash btRegularTitle\" ><p class=\"btSuperTitle\">CLIENTES SATISFECHOS<\/p><\/header><\/div><\/div><\/div><\/div><\/div><\/div><\/section><section id=\"bt_section69d282fdba5c2\"  class=\"boldSection topSpaced bottomSpaced gutter inherit\" ><div class=\"port\"><div class=\"boldCell\"><div class=\"boldCellInner\"><div class=\"boldRow\" ><div class=\"rowItem col-sm-4 col-ms-12 btTextRight animate animate-fadein inherit btDoublePadding\"  ><div class=\"rowItemContent\"><header class=\"header btClear medium  btAccentDash btRegularTitle\" ><p class=\"btSuperTitle\">EMPRESA<\/p><div class=\"dash\"><h3><span class=\"headline\">DELTRANS SA<\/span><\/h3><\/div><\/header><\/div><\/div><div class=\"rowItem col-sm-4 col-ms-12 btTextLeft animate animate-fadein btTextIndent inherit btDoublePadding\"  ><div class=\"rowItemContent\"><header class=\"header btClear medium  btAccentDash btRegularTitle\" style=\"margin-bottom: 5px;\"><p class=\"btSuperTitle\">NUESTRA HISTORIA<\/p><\/header><div class=\"btText\"><p align=\"justify\"><strong>DELTRANS S.A.\u00a0<\/strong>Se estableci\u00f3 en el a\u00f1o 1999 y comenz\u00f3 a operar en la ciudad de Guayaquil, Ecuador, especializ\u00e1ndose en el transporte internacional de carga y la gesti\u00f3n de exportaciones e importaciones. Actualmente su rango de acci\u00f3n se extiende a otras ciudades en Ecuador como Quito, Cuenca, Machala, Manta, Ambato, etc.<\/p>\n<p>Desde el inicio de sus actividades, DELTRANS S.A. ha buscado estar a la vanguardia de la industria del comercio exterior ecuatoriano, brindando a los clientes el mejor servicio de log\u00edstica e informaci\u00f3n \"justo a tiempo\".<\/p>\n<\/div><div class=\"btClear btSeparator bottomExtraSmallSpaced noBorder\" ><hr><\/div><\/div><\/div><div class=\"rowItem col-sm-4 col-ms-12 btTextCenter animate animate-fadein inherit\"  ><div class=\"rowItemContent\"><div class=\"bpgPhoto btTextCenter\" ><div class = \"btImage\"><img src=\"https:\/\/www.deltrans.com.ec\/wp-content\/uploads\/2015\/09\/img_antonio_delgado.jpg\" alt=\"\"><\/div><\/div><div class=\"btClear btSeparator topSmallSpaced noBorder\" ><hr><\/div><\/div><\/div><\/div><div class=\"boldRow\" ><div class=\"rowItem col-md-12 col-ms-12  btTextRight animate animate-fadein animate-moveright inherit\"  ><div class=\"rowItemContent\"><div class=\"btClear btSeparator topSmallSpaced noBorder\" ><hr><\/div><\/div><\/div><\/div><div class=\"boldRow\" ><div class=\"rowItem col-sm-4 col-ms-12 btTextLeft animate animate-fadein inherit btDoublePadding\"  ><div class=\"rowItemContent\"><\/div><\/div><div class=\"rowItem col-sm-4 col-ms-12 btTextCenter animate animate-fadein inherit\"  ><div class=\"rowItemContent\"><div class=\"bpgPhoto btTextCenter\" ><div class = \"btImage\"><img src=\"https:\/\/www.deltrans.com.ec\/wp-content\/uploads\/2015\/09\/deltrans_team-1200x600.jpg\" alt=\"\"><\/div><\/div><\/div><\/div><div class=\"rowItem col-sm-4 col-ms-12 btTextLeft animate animate-fadein inherit btDoublePadding\"  ><div class=\"rowItemContent\"><header class=\"header btClear medium  btAccentDash btRegularTitle\" style=\"margin-bottom: 5px;\"><p class=\"btSuperTitle\">NUESTRO EQUIPO<\/p><\/header><div class=\"btText\"><p align=\"justify\">Nuestra infraestructura, personal y experiencia siguen siendo un servicio de garant\u00eda para compa\u00f1\u00edas que manejan carga desde y hacia Ecuador.<\/p>\n<p align=\"justify\">Desarrollamos y mejoramos constantemente los procedimientos de trabajo e incorporamos tecnolog\u00edas modernas de informaci\u00f3n y comunicaci\u00f3n para beneficiar a nuestros clientes.<\/p>\n<\/div><div class=\"btClear btSeparator bottomExtraSmallSpaced noBorder\" ><hr><\/div><\/div><\/div><\/div><\/div><\/div><\/div><\/section><section id=\"bt_section69d282fdbb23c\" data-parallax=\"0\" data-parallax-offset=\"0\" class=\"boldSection btDivider topSpaced bottomSpaced gutter inherit btParallax wBackground cover\" style=\"background-color:#ededed;background-image:url('https:\/\/www.deltrans.com.ec\/wp-content\/uploads\/2015\/09\/Transparent-background-with-dots.png');\"><div class=\"port\"><div class=\"boldCell\"><div class=\"boldCellInner\"><div class=\"boldRow\" ><div class=\"rowItem col-sm-4 col-ms-12 btTextRight animate animate-fadein btTextIndent inherit btDoublePadding\" style=\"transition-delay: 600ms;\" ><div class=\"rowItemContent\"><div class=\"btClear btSeparator topSmallSpaced noBorder\" ><hr><\/div><header class=\"header btClear medium  btDarkAccentDash btRegularTitle\" ><p class=\"btSuperTitle\">CONOCENOS<\/p><div class=\"dash\"><h3><span class=\"headline\">NUESTRO EQUIPO<\/span><\/h3><\/div><\/header><\/div><\/div><div class=\"rowItem col-sm-4 col-ms-12 btTextRight animate animate-fadein btHighlight inherit btDoublePadding\" style=\"transition-delay: 300ms;\" ><div class=\"rowItemContent\"><div class=\"btClear btSeparator topSmallSpaced noBorder\" ><hr><\/div><header class=\"header btClear small  btAccentDash btRegularTitle\" style=\"margin-bottom: 9px;\"><p class=\"btSuperTitle\">ESTAMOS CONTRATANDO, APLICA AHORA<\/p><\/header><div class=\"btBtn btBtn btnFilled btnIconLeftPosition btnAccentColor btnSmall btnNormal\" ><a href=\"https:\/\/www.deltrans.com.ec\/es\/services\/careers\/\">Empleo<\/a><\/div><div class=\"btClear btSeparator topSmallSpaced noBorder\" ><hr><\/div><\/div><\/div><div class=\"rowItem col-sm-4 col-ms-12 btTextRight animate animate-fadein btHighlight inherit btDoublePadding\" style=\"transition-delay: 0;\" ><div class=\"rowItemContent\"><div class=\"btClear btSeparator topSmallSpaced noBorder\" ><hr><\/div><header class=\"header btClear small  btAccentDash btRegularTitle\" ><p class=\"btSuperTitle\">SIGUENOS EN NUESTRAS REDES SOCIALES<\/p><\/header><div class=\"btIconImageRow\" ><div class=\"btIco default extrasmall\"><a href=\"https:\/\/www.facebook.com\/deltrans.com.ec\"  target=\"_blank\"  data-ico-fa=\"&#xf09a;\" class=\"btIcoHolder\"><\/a><\/div><div class=\"btIco default extrasmall\"><a href=\"https:\/\/www.instagram.com\/deltrans.com.ec\/\"  target=\"_blank\"  data-ico-fa=\"&#xf16d;\" class=\"btIcoHolder\"><\/a><\/div><\/div><div class=\"btClear btSeparator topSmallSpaced noBorder\" ><hr><\/div><\/div><\/div><\/div><div class=\"boldRow\" ><div class=\"rowItem col-md-12 col-ms-12  btTextCenter inherit\"  ><div class=\"rowItemContent\"><div class=\"btClear btSeparator topSemiSpaced noBorder\" ><hr><\/div><\/div><\/div><\/div><\/div><\/div><\/div><\/section><\/div>","protected":false},"excerpt":{"rendered":"","protected":false},"author":1,"featured_media":0,"parent":0,"menu_order":0,"comment_status":"closed","ping_status":"closed","template":"","meta":[],"_links":{"self":[{"href":"https:\/\/www.deltrans.com.ec\/es\/wp-json\/wp\/v2\/pages\/58"}],"collection":[{"href":"https:\/\/www.deltrans.com.ec\/es\/wp-json\/wp\/v2\/pages"}],"about":[{"href":"https:\/\/www.deltrans.com.ec\/es\/wp-json\/wp\/v2\/types\/page"}],"author":[{"embeddable":true,"href":"https:\/\/www.deltrans.com.ec\/es\/wp-json\/wp\/v2\/users\/1"}],"replies":[{"embeddable":true,"href":"https:\/\/www.deltrans.com.ec\/es\/wp-json\/wp\/v2\/comments?post=58"}],"version-history":[{"count":15,"href":"https:\/\/www.deltrans.com.ec\/es\/wp-json\/wp\/v2\/pages\/58\/revisions"}],"predecessor-version":[{"id":2541,"href":"https:\/\/www.deltrans.com.ec\/es\/wp-json\/wp\/v2\/pages\/58\/revisions\/2541"}],"wp:attachment":[{"href":"https:\/\/www.deltrans.com.ec\/es\/wp-json\/wp\/v2\/media?parent=58"}],"curies":[{"name":"wp","href":"https:\/\/api.w.org\/{rel}","templated":true}]}}