{"id":74,"date":"2015-09-18T11:51:24","date_gmt":"2015-09-18T10:51:24","guid":{"rendered":"http:\/\/cargo.omnicom-dev.com\/transport-company\/?page_id=74"},"modified":"2018-11-27T20:15:52","modified_gmt":"2018-11-27T20:15:52","slug":"air-cargo","status":"publish","type":"page","link":"https:\/\/www.deltrans.com.ec\/es\/services\/air-cargo\/","title":{"rendered":"Carga Aerea"},"content":{"rendered":"<div class=\"bt_rc_container\"><section id=\"bt_section69d282f84916f\" data-parallax=\"0.1\" data-parallax-offset=\"-50\" class=\"boldSection topExtraSpaced bottomSpaced btDarkSkin gutter btMiddleVertical btParallax wBackground cover\" style=\"background-image:url('https:\/\/www.deltrans.com.ec\/wp-content\/uploads\/2015\/10\/plane_contrasted_light-1.jpg');\"><div class=\"port\"><div class=\"boldCell\"><div class=\"boldCellInner\"><div class=\"boldRow\" ><div class=\"rowItem col-md-12 col-ms-12  btTextLeft animate animate-fadein animate-moveleft inherit\"  ><div class=\"rowItemContent\"><header class=\"header btClear extralarge btDash bottomDash  btAccentDash btRegularTitle\" style=\"max-width: 800px;\"><p class=\"btSuperTitle\">Importaciones y Exportaciones<\/p><div class=\"dash\"><h1><span class=\"headline\">CARGA AEREA<\/span><\/h1><\/div><p class=\"btSubTitle\">ENVIOS POR AEROLINEAS DE ENTREGA<\/p><\/header><div class=\"btClear btSeparator bottomSemiSpaced noBorder\" ><hr><\/div><div class=\"btBtn btBtn btnFilled btnIconLeftPosition btnAccentColor btnSmall btnNormal btnIco\" ><div class=\"btIco borderless extrasmall\"><a href=\"https:\/\/www.deltrans.com.ec\/es\/company\/contact\/\"  data-ico-fa=\"&#xf0e5;\" class=\"btIcoHolder\"><span>CONTACTANOS<\/span><\/a><\/div><\/div><\/div><\/div><\/div><\/div><\/div><\/div><\/section><section id=\"bt_section69d282f8498b4\"  class=\"boldSection topSpaced bottomSemiSpaced gutter inherit\" ><div class=\"port\"><div class=\"boldCell\"><div class=\"boldCellInner\"><div class=\"boldRow\" ><div class=\"rowItem col-md-12 col-ms-12  btTextLeft\"  ><div class=\"rowItemContent\"><div class=\"btText\"><p><span class=\"parrafo\"><strong>Coordinaci\u00f3n y reserva:<\/strong>\u00a0Confirmamos con sus proveedores los productos y las cantidades que se entregar\u00e1n y manejamos las reservas con las l\u00edneas a\u00e9reas de acuerdo con sus instrucciones. Adem\u00e1s, estaremos informando continuamente nuevas alternativas en rutas y tarifas, as\u00ed como opciones en caso de falla en vuelos.<\/span><\/p>\n<p><strong>Documentaci\u00f3n: <\/strong>El comercio exterior puede requerir los siguientes documentos: certificados fitosanitarios, certificados de origen, certificados de mercanc\u00edas peligrosas, recibos de las rutas a\u00e9reas, las facturas de los proveedores se verifican para su aprobaci\u00f3n.<\/p>\n<div>Finalmente, enviamos un correo electr\u00f3nico o fax de pre-alerta informando todos los detalles de cada env\u00edo (v\u00eda a\u00e9rea, ruta, hora estimada de salida y llegada y confirmaci\u00f3n de vuelo de cada proveedor).<\/div>\n<\/div><\/div><\/div><\/div><div class=\"boldRow\" ><div class=\"rowItem col-md-12 col-ms-12  btTextLeft\"  ><div class=\"rowItemContent\"><\/div><\/div><\/div><\/div><\/div><\/div><\/section><\/div>","protected":false},"excerpt":{"rendered":"","protected":false},"author":1,"featured_media":0,"parent":56,"menu_order":0,"comment_status":"closed","ping_status":"closed","template":"","meta":[],"_links":{"self":[{"href":"https:\/\/www.deltrans.com.ec\/es\/wp-json\/wp\/v2\/pages\/74"}],"collection":[{"href":"https:\/\/www.deltrans.com.ec\/es\/wp-json\/wp\/v2\/pages"}],"about":[{"href":"https:\/\/www.deltrans.com.ec\/es\/wp-json\/wp\/v2\/types\/page"}],"author":[{"embeddable":true,"href":"https:\/\/www.deltrans.com.ec\/es\/wp-json\/wp\/v2\/users\/1"}],"replies":[{"embeddable":true,"href":"https:\/\/www.deltrans.com.ec\/es\/wp-json\/wp\/v2\/comments?post=74"}],"version-history":[{"count":10,"href":"https:\/\/www.deltrans.com.ec\/es\/wp-json\/wp\/v2\/pages\/74\/revisions"}],"predecessor-version":[{"id":2283,"href":"https:\/\/www.deltrans.com.ec\/es\/wp-json\/wp\/v2\/pages\/74\/revisions\/2283"}],"up":[{"embeddable":true,"href":"https:\/\/www.deltrans.com.ec\/es\/wp-json\/wp\/v2\/pages\/56"}],"wp:attachment":[{"href":"https:\/\/www.deltrans.com.ec\/es\/wp-json\/wp\/v2\/media?parent=74"}],"curies":[{"name":"wp","href":"https:\/\/api.w.org\/{rel}","templated":true}]}}